{"id":116,"date":"2023-07-09T00:57:02","date_gmt":"2023-07-09T00:57:02","guid":{"rendered":"https:\/\/demo.bravisthemes.com\/patte\/?page_id=116"},"modified":"2025-05-16T07:20:50","modified_gmt":"2025-05-16T07:20:50","slug":"hakkimizda","status":"publish","type":"page","link":"https:\/\/yuvaloji.com.tr\/en\/hakkimizda\/","title":{"rendered":"About us"},"content":{"rendered":"<div data-elementor-type=\"wp-page\" data-elementor-id=\"116\" class=\"elementor elementor-116\">\n\t\t\t\t        <section class=\"elementor-section elementor-top-section elementor-element elementor-element-b11f857 elementor-section-stretched elementor-section-boxed elementor-section-height-default elementor-section-height-default pxl-type-header-none pxl-bg-color-none pxl-row-scroll-none\" data-id=\"b11f857\" data-element_type=\"section\" data-e-type=\"section\" data-settings=\"{&quot;stretch_section&quot;:&quot;section-stretched&quot;}\">\n\n                \n                <div class=\"elementor-container elementor-column-gap-extended\">\n                <div class=\"elementor-column elementor-col-50 elementor-top-column elementor-element elementor-element-a50b1d8 pxl-col-none pxl-column-none\" data-id=\"a50b1d8\" data-element_type=\"column\" data-e-type=\"column\">\r\n        <div class=\"elementor-widget-wrap elementor-element-populated\">\r\n                     \r\n        \t\t<div class=\"elementor-element elementor-element-893d87e elementor-widget elementor-widget-pxl_heading\" data-id=\"893d87e\" data-element_type=\"widget\" data-e-type=\"widget\" data-widget_type=\"pxl_heading.default\">\n\t\t\t\t<div class=\"elementor-widget-container\">\n\t\t\t\t\t<div class=\"pxl-heading\">\n\t<div class=\"pxl-heading--inner\">\n\t\t\t\t<h2 class=\"pxl-item--title divider-none   style1\" data-wow-delay=\"ms\" data-wow-duration=\"1.2s\">\n\t\t\tYuvaloji: A Home, A Hope, A Future \t\t<\/h2>\n\t<\/div>\n<\/div>\t\t\t\t<\/div>\n\t\t\t\t<\/div>\n\t\t\t\t<div class=\"elementor-element elementor-element-8a29789 elementor-widget__width-auto elementor-widget elementor-widget-pxl_text_editor\" data-id=\"8a29789\" data-element_type=\"widget\" data-e-type=\"widget\" data-widget_type=\"pxl_text_editor.default\">\n\t\t\t\t<div class=\"elementor-widget-container\">\n\t\t\t\t\t<div class=\"pxl-text-editor\" data-wow-delay=\"ms\" data-wow-duration=\"1.2s\">\n\t<div class=\"pxl-item--inner\">\n\t\t<p>Yuvaloji was born to be with our lonely pets trying to survive on the streets. In our opinion, every animal deserves a home, love and a future. Every cat and dog left alone on the streets should not lose hope for a little more peace and security. That's why we founded Yuvaloji: To offer them not only food, but also hope.<\/p><p>Yuvaloji does not only produce delicious and healthy food; each box of food is a hand reaching out to an animal that has been thrown out on the street, a chance to be given to it. Every part that comes out of every package is to be one step closer to our friends who have been thrown out on the street... Because we know that a food can change the life of an animal.<\/p><p>As Yuvaloji, we continue this cycle with every product we make. Every food you buy contributes to the treatment costs, neutering projects or finding a new home for a living creature trying to survive on the streets. With your support, we take another step for every friend on the streets.<\/p><p>Yuvaloji is not just a brand; it is a story of connecting from heart to heart, from emotion to emotion. As we approach each of our friends with love and care, you also become a part of this story. Because we believe that a box of food not only satisfies hunger, but also has the power to save a life.<\/p><p>Come on, walk on this path with Yuvaloji. Because every box of food can help one more animal find a home and live a happier life.<\/p>\t<\/div>\n<\/div>\n\t\t\t\t<\/div>\n\t\t\t\t<\/div>\n\t\t            <\/div>\r\n        <\/div>\r\n                <div class=\"elementor-column elementor-col-50 elementor-top-column elementor-element elementor-element-4e83c71 pxl-col-none pxl-column-none\" data-id=\"4e83c71\" data-element_type=\"column\" data-e-type=\"column\">\r\n        <div class=\"elementor-widget-wrap elementor-element-populated\">\r\n                     \r\n        \t\t<div class=\"elementor-element elementor-element-0a8937c elementor-widget elementor-widget-pxl_image\" data-id=\"0a8937c\" data-element_type=\"widget\" data-e-type=\"widget\" data-widget_type=\"pxl_image.default\">\n\t\t\t\t<div class=\"elementor-widget-container\">\n\t\t\t\t\t<div class=\"pxl-image-single pxl-image-single1 img-df pxl-image-tilt\" data-wow-delay=\"ms\" data-wow-duration=\"1.2s\">\r\n                        <div class=\"pxl-item--inner\">\r\n                                <img fetchpriority=\"high\" decoding=\"async\" width=\"600\" height=\"680\" src=\"https:\/\/yuvaloji.com.tr\/wp-content\/uploads\/2025\/04\/Hakkimizda-Gorsel-600x680-1.png\" class=\"no-lazyload attachment-full\" alt=\"\" \/>                            <\/div>\r\n                <\/div>\t\t\t\t<\/div>\n\t\t\t\t<\/div>\n\t\t            <\/div>\r\n        <\/div>\r\n        \t\t\t<\/div>\n\t\t<\/section>\n\t\t        <section class=\"elementor-section elementor-top-section elementor-element elementor-element-e272a2c elementor-section-stretched elementor-section-boxed elementor-section-height-default elementor-section-height-default pxl-type-header-none pxl-bg-color-none pxl-row-scroll-none\" data-id=\"e272a2c\" data-element_type=\"section\" data-e-type=\"section\" data-settings=\"{&quot;stretch_section&quot;:&quot;section-stretched&quot;}\">\n\n                \n                <div class=\"elementor-container elementor-column-gap-extended\">\n                <div class=\"elementor-column elementor-col-50 elementor-top-column elementor-element elementor-element-72468f1 pxl-col-none pxl-column-none\" data-id=\"72468f1\" data-element_type=\"column\" data-e-type=\"column\">\r\n        <div class=\"elementor-widget-wrap elementor-element-populated\">\r\n                     \r\n        \t\t<div class=\"elementor-element elementor-element-cae8266 elementor-widget elementor-widget-pxl_image\" data-id=\"cae8266\" data-element_type=\"widget\" data-e-type=\"widget\" data-widget_type=\"pxl_image.default\">\n\t\t\t\t<div class=\"elementor-widget-container\">\n\t\t\t\t\t<div class=\"pxl-image-single pxl-image-single1 img-df pxl-image-tilt\" data-wow-delay=\"ms\" data-wow-duration=\"1.2s\">\r\n                        <div class=\"pxl-item--inner\">\r\n                                <img decoding=\"async\" width=\"667\" height=\"633\" src=\"https:\/\/yuvaloji.com.tr\/wp-content\/uploads\/2025\/03\/Hakkimizda-Misyon-Vizyon-Gorseli-2-Yeni-1.jpg\" class=\"no-lazyload attachment-full\" alt=\"\" \/>                            <\/div>\r\n                <\/div>\t\t\t\t<\/div>\n\t\t\t\t<\/div>\n\t\t            <\/div>\r\n        <\/div>\r\n                <div class=\"elementor-column elementor-col-50 elementor-top-column elementor-element elementor-element-c91b7b1 pxl-col-none pxl-column-none\" data-id=\"c91b7b1\" data-element_type=\"column\" data-e-type=\"column\">\r\n        <div class=\"elementor-widget-wrap elementor-element-populated\">\r\n                     \r\n        \t\t<div class=\"elementor-element elementor-element-32f43c3 elementor-widget elementor-widget-pxl_heading\" data-id=\"32f43c3\" data-element_type=\"widget\" data-e-type=\"widget\" data-widget_type=\"pxl_heading.default\">\n\t\t\t\t<div class=\"elementor-widget-container\">\n\t\t\t\t\t<div class=\"pxl-heading\">\n\t<div class=\"pxl-heading--inner\">\n\t\t\t\t<h2 class=\"pxl-item--title divider-none   style1\" data-wow-delay=\"ms\" data-wow-duration=\"1.2s\">\n\t\t\tYuvaloji Foundation\t\t<\/h2>\n\t<\/div>\n<\/div>\t\t\t\t<\/div>\n\t\t\t\t<\/div>\n\t\t\t\t<div class=\"elementor-element elementor-element-abb29aa elementor-widget__width-auto elementor-widget elementor-widget-pxl_text_editor\" data-id=\"abb29aa\" data-element_type=\"widget\" data-e-type=\"widget\" data-widget_type=\"pxl_text_editor.default\">\n\t\t\t\t<div class=\"elementor-widget-container\">\n\t\t\t\t\t<div class=\"pxl-text-editor\" data-wow-delay=\"ms\" data-wow-duration=\"1.2s\">\n\t<div class=\"pxl-item--inner\">\n\t\t<p>Companies are evaluated and ranked based on 3 main criteria: Financial capacity shown in the latest year&#8217;s financial statements,\u00a0 Media credibility is assessed by Media Coding method \u2013 encoding articles about the company on influential media channels.<\/p>\t<\/div>\n<\/div>\n\t\t\t\t<\/div>\n\t\t\t\t<\/div>\n\t\t\t\t<div class=\"elementor-element elementor-element-3bbb9ab elementor-widget elementor-widget-heading\" data-id=\"3bbb9ab\" data-element_type=\"widget\" data-e-type=\"widget\" data-widget_type=\"heading.default\">\n\t\t\t\t<div class=\"elementor-widget-container\">\n\t\t\t\t\t<h3 class=\"elementor-heading-title elementor-size-default\">Semra Ataman<\/h3>\t\t\t\t<\/div>\n\t\t\t\t<\/div>\n\t\t\t\t<div class=\"elementor-element elementor-element-0bef6ab elementor-widget elementor-widget-text-editor\" data-id=\"0bef6ab\" data-element_type=\"widget\" data-e-type=\"widget\" data-widget_type=\"text-editor.default\">\n\t\t\t\t<div class=\"elementor-widget-container\">\n\t\t\t\t\t\t\t\t\t<p>\u00a0 Chairman of the Board of Trustees of Yuvaloji Foundation<\/p>\t\t\t\t\t\t\t\t<\/div>\n\t\t\t\t<\/div>\n\t\t\t\t<div class=\"elementor-element elementor-element-a70bf88 elementor-widget-laptop__width-initial elementor-widget elementor-widget-image\" data-id=\"a70bf88\" data-element_type=\"widget\" data-e-type=\"widget\" data-widget_type=\"image.default\">\n\t\t\t\t<div class=\"elementor-widget-container\">\n\t\t\t\t\t\t\t\t\t\t\t\t\t\t\t<img decoding=\"async\" width=\"300\" height=\"158\" src=\"https:\/\/yuvaloji.com.tr\/wp-content\/uploads\/2025\/05\/SEMRA-ATAMAN-IMZA.pdf-1-1-300x158.png\" class=\"attachment-medium size-medium wp-image-3620\" alt=\"\" srcset=\"https:\/\/yuvaloji.com.tr\/wp-content\/uploads\/2025\/05\/SEMRA-ATAMAN-IMZA.pdf-1-1-300x158.png 300w, https:\/\/yuvaloji.com.tr\/wp-content\/uploads\/2025\/05\/SEMRA-ATAMAN-IMZA.pdf-1-1-18x9.png 18w, https:\/\/yuvaloji.com.tr\/wp-content\/uploads\/2025\/05\/SEMRA-ATAMAN-IMZA.pdf-1-1.png 601w\" sizes=\"(max-width: 300px) 100vw, 300px\" \/>\t\t\t\t\t\t\t\t\t\t\t\t\t\t\t<\/div>\n\t\t\t\t<\/div>\n\t\t            <\/div>\r\n        <\/div>\r\n        \t\t\t<\/div>\n\t\t<\/section>\n\t\t\t\t<\/div>","protected":false},"excerpt":{"rendered":"<p>Yuvaloji: Bir Yuva, Bir Umut, Bir Gelecek Yuvaloji, sokakta hayatta kalmaya \u00e7al\u0131\u015fan, yaln\u0131z kalan evcil dostlar\u0131m\u0131z\u0131n yan\u0131nda olmak i\u00e7in do\u011fdu. Bize g\u00f6re her hayvan, bir yuva, bir sevgi ve bir gelecek hak ediyor. Sokakta bir ba\u015f\u0131na kalan her kedi, her k\u00f6pek, bir par\u00e7a daha huzur ve g\u00fcven i\u00e7in umudunu kaybetmemeli. \u0130\u015fte biz de bu y\u00fczden [&hellip;]<\/p>\n","protected":false},"author":1,"featured_media":0,"parent":0,"menu_order":0,"comment_status":"closed","ping_status":"closed","template":"","meta":{"footnotes":""},"class_list":["post-116","page","type-page","status-publish","hentry"],"_links":{"self":[{"href":"https:\/\/yuvaloji.com.tr\/en\/wp-json\/wp\/v2\/pages\/116","targetHints":{"allow":["GET"]}}],"collection":[{"href":"https:\/\/yuvaloji.com.tr\/en\/wp-json\/wp\/v2\/pages"}],"about":[{"href":"https:\/\/yuvaloji.com.tr\/en\/wp-json\/wp\/v2\/types\/page"}],"author":[{"embeddable":true,"href":"https:\/\/yuvaloji.com.tr\/en\/wp-json\/wp\/v2\/users\/1"}],"replies":[{"embeddable":true,"href":"https:\/\/yuvaloji.com.tr\/en\/wp-json\/wp\/v2\/comments?post=116"}],"version-history":[{"count":20,"href":"https:\/\/yuvaloji.com.tr\/en\/wp-json\/wp\/v2\/pages\/116\/revisions"}],"predecessor-version":[{"id":3623,"href":"https:\/\/yuvaloji.com.tr\/en\/wp-json\/wp\/v2\/pages\/116\/revisions\/3623"}],"wp:attachment":[{"href":"https:\/\/yuvaloji.com.tr\/en\/wp-json\/wp\/v2\/media?parent=116"}],"curies":[{"name":"wp","href":"https:\/\/api.w.org\/{rel}","templated":true}]}}