{"id":3,"date":"2023-05-22T07:46:09","date_gmt":"2023-05-22T07:46:09","guid":{"rendered":"https:\/\/demo.bravisthemes.com\/patte\/?page_id=3"},"modified":"2025-03-17T06:59:13","modified_gmt":"2025-03-17T06:59:13","slug":"gizlilik-sozlesmesi","status":"publish","type":"page","link":"https:\/\/yuvaloji.com.tr\/en\/gizlilik-sozlesmesi\/","title":{"rendered":"Privacy Agreement"},"content":{"rendered":"<div data-elementor-type=\"wp-page\" data-elementor-id=\"3\" class=\"elementor elementor-3\">\n\t\t\t\t        <section class=\"elementor-section elementor-top-section elementor-element elementor-element-3bf2af5b elementor-section-boxed elementor-section-height-default elementor-section-height-default pxl-type-header-none pxl-bg-color-none pxl-row-scroll-none\" data-id=\"3bf2af5b\" data-element_type=\"section\" data-e-type=\"section\">\n\n                \n                <div class=\"elementor-container elementor-column-gap-default\">\n                <div class=\"elementor-column elementor-col-100 elementor-top-column elementor-element elementor-element-1becfa2f pxl-col-none pxl-column-none\" data-id=\"1becfa2f\" data-element_type=\"column\" data-e-type=\"column\">\r\n        <div class=\"elementor-widget-wrap elementor-element-populated\">\r\n                     \r\n        \t\t<div class=\"elementor-element elementor-element-6d4cf9f0 elementor-widget elementor-widget-text-editor\" data-id=\"6d4cf9f0\" data-element_type=\"widget\" data-e-type=\"widget\" data-widget_type=\"text-editor.default\">\n\t\t\t\t<div class=\"elementor-widget-container\">\n\t\t\t\t\t\t\t\t\t<p><\/p>\n<p>\u00a0<\/p>\n<h5 class=\"wp-block-heading\"><strong>Who are we?<\/strong><\/h5>\n<p>Suggested text: Our website address: https:\/\/yuvaloji.com.tr.<\/p>\n<p>\u00a0<\/p>\n<h5>Comments<\/h5>\n<p>Suggested text: When visitors leave comments on the site we collect the data shown in the comments form, and also the visitor's IP address and browser user agent string to help spam detection.<\/p>\n<p>An anonymized string created from your email address (also called a hash) may be provided to the Gravatar service to see if you are using it. The Gravatar service's privacy policy is available here: https:\/\/automattic.com\/privacy\/. After approval of your comment, your profile picture will be visible to the public in the context of your comment.<\/p>\n<p>\u00a0<\/p>\n<h5><b>Media<\/b><\/h5>\n<p>Recommended text: If you upload images to the website, you should avoid uploading images that contain embedded location data (EXIF GPS). Visitors to the website may download and extract any location data from images on the website.<\/p>\n<p>\u00a0<\/p>\n<h5><b>Cookies<\/b><\/h5>\n<p>Suggested text: If you leave a comment on our site you may opt-in to saving your name, email address and website in cookies. These are for your convenience so that you do not have to re-enter your details when you leave another comment. These cookies will last for one year.<\/p>\n<p>If you visit our login page, we will set a temporary cookie to determine if your browser accepts cookies. This cookie contains no personal data and is discarded when you close your browser.<\/p>\n<p>When you log in, we will also set up several cookies to save your login information and screen display choices. Login cookies will last for two days, and screen options cookies will last for one year. If you select \u201cRemember Me\u201d, your login will last for two weeks. If you log out of your account, the login cookies will be removed.<\/p>\n<p>If you edit or publish an article, an additional cookie will be saved in your browser. This cookie contains no personal data and simply indicates the post ID of the article you just edited. Expires after 1 day.<\/p>\n<p>\u00a0<\/p>\n<h5><b>Embedded content from other websites<\/b><\/h5>\n<p>Recommended text: Articles on this site may include embedded content (e.g. videos, images, articles, etc.). Embedded content from other websites behaves in the exact same way as if the visitor has visited the other website.<\/p>\n<p>These websites may collect data about you, use cookies, embed additional third-party tracking, and monitor your interaction with the embedded content, including tracking your interaction with the embedded content if you have an account and are logged in to that website.<\/p>\n<h5><b>Who we share your data with<\/b><\/h5>\n<p>Suggested text: If you request a password reset, your IP address will be included in the reset email.<\/p>\n<h5><b>How long do we keep your data?<\/b><\/h5>\n<p>Suggested text: If you leave a comment, the comment and its metadata are retained indefinitely. This is so we can recognize and approve any follow-up comments automatically instead of holding them in a moderation queue.<\/p>\n<p>For users who register on our website (if any), we also store the personal information they provide in their user profile. All users can see, edit or delete their personal information (they cannot change their username) at any time. Website administrators can also see and edit this information.<\/p>\n<h5><b>What rights do you have over your data?<\/b><\/h5>\n<p>Suggested text: If you have an account on this site, or have left comments, you can request to receive an exported file of the personal data we hold about you, including any data you have provided to us. You can also request that we erase the personal data we hold about you. This does not include any data we are obliged to keep for administrative, legal or security purposes.<\/p>\n<h5><b>Where your data is sent<\/b><\/h5>\n<p>Suggested text: Visitor comments may be checked through an automated spam detection service.<\/p>\n<p><\/p>\t\t\t\t\t\t\t\t<\/div>\n\t\t\t\t<\/div>\n\t\t            <\/div>\r\n        <\/div>\r\n        \t\t\t<\/div>\n\t\t<\/section>\n\t\t\t\t<\/div>","protected":false},"excerpt":{"rendered":"<p>\u00a0 Biz kimiz \u00d6nerilen metin: Web sitemizin adresi: https:\/\/yuvaloji.com.tr. \u00a0 Yorumlar \u00d6nerilen metin: Ziyaret\u00e7iler sitede yorum b\u0131rakt\u0131\u011f\u0131nda yorum formunda g\u00f6sterilen verileri ve ayr\u0131ca spam tespitine yard\u0131mc\u0131 olmak i\u00e7in ziyaret\u00e7inin IP adresini ve taray\u0131c\u0131 kullan\u0131c\u0131 arac\u0131s\u0131 dizesini toplar\u0131z. E-posta adresinizden olu\u015fturulan anonimle\u015ftirilmi\u015f bir dize (karma olarak da adland\u0131r\u0131l\u0131r) Gravatar hizmetine kullan\u0131p kullanmad\u0131\u011f\u0131n\u0131z\u0131 g\u00f6rmek i\u00e7in sa\u011flanabilir. Gravatar [&hellip;]<\/p>\n","protected":false},"author":1,"featured_media":0,"parent":0,"menu_order":0,"comment_status":"closed","ping_status":"closed","template":"","meta":{"footnotes":""},"class_list":["post-3","page","type-page","status-publish","hentry"],"_links":{"self":[{"href":"https:\/\/yuvaloji.com.tr\/en\/wp-json\/wp\/v2\/pages\/3","targetHints":{"allow":["GET"]}}],"collection":[{"href":"https:\/\/yuvaloji.com.tr\/en\/wp-json\/wp\/v2\/pages"}],"about":[{"href":"https:\/\/yuvaloji.com.tr\/en\/wp-json\/wp\/v2\/types\/page"}],"author":[{"embeddable":true,"href":"https:\/\/yuvaloji.com.tr\/en\/wp-json\/wp\/v2\/users\/1"}],"replies":[{"embeddable":true,"href":"https:\/\/yuvaloji.com.tr\/en\/wp-json\/wp\/v2\/comments?post=3"}],"version-history":[{"count":8,"href":"https:\/\/yuvaloji.com.tr\/en\/wp-json\/wp\/v2\/pages\/3\/revisions"}],"predecessor-version":[{"id":3062,"href":"https:\/\/yuvaloji.com.tr\/en\/wp-json\/wp\/v2\/pages\/3\/revisions\/3062"}],"wp:attachment":[{"href":"https:\/\/yuvaloji.com.tr\/en\/wp-json\/wp\/v2\/media?parent=3"}],"curies":[{"name":"wp","href":"https:\/\/api.w.org\/{rel}","templated":true}]}}