{"id":3295,"date":"2025-04-08T18:26:09","date_gmt":"2025-04-08T18:26:09","guid":{"rendered":"https:\/\/yuvaloji.com.tr\/?page_id=3295"},"modified":"2025-06-15T11:19:22","modified_gmt":"2025-06-15T11:19:22","slug":"bilgi-guvenligi-hizmeti","status":"publish","type":"page","link":"https:\/\/yuvaloji.com.tr\/en\/bilgi-guvenligi-hizmeti\/","title":{"rendered":"Information Security Service"},"content":{"rendered":"<div data-elementor-type=\"wp-page\" data-elementor-id=\"3295\" class=\"elementor elementor-3295\">\n\t\t\t\t        <section class=\"elementor-section elementor-top-section elementor-element elementor-element-5f7ac20 elementor-section-boxed elementor-section-height-default elementor-section-height-default pxl-type-header-none pxl-bg-color-none pxl-row-scroll-none\" data-id=\"5f7ac20\" data-element_type=\"section\" data-e-type=\"section\">\n\n                \n                <div class=\"elementor-container elementor-column-gap-default\">\n                <div class=\"elementor-column elementor-col-100 elementor-top-column elementor-element elementor-element-0efad02 pxl-col-none pxl-column-none\" data-id=\"0efad02\" data-element_type=\"column\" data-e-type=\"column\">\r\n        <div class=\"elementor-widget-wrap elementor-element-populated\">\r\n                     \r\n        \t\t<div class=\"elementor-element elementor-element-0c3a359 elementor-widget elementor-widget-text-editor\" data-id=\"0c3a359\" data-element_type=\"widget\" data-e-type=\"widget\" data-widget_type=\"text-editor.default\">\n\t\t\t\t<div class=\"elementor-widget-container\">\n\t\t\t\t\t\t\t\t\t<h1><strong>Information Security Service<\/strong><\/h1>\n<p><strong style=\"letter-spacing: 0px;\">Cookie Policy:<\/strong><\/p>\n<p>As Yuvaloji Pet Malzemeleri Ticaret Anonim \u015eirketi .com, we use cookies to ensure that you benefit from our website services safely and completely, to display personal content\/advertisements, to remember your preferences, to track usage habits for statistical studies and to provide a better experience.<br>This Cookie Policy is an integral part of Yuvaloji Pet Malzemeleri Ticaret Anonim \u015eirketi .com Privacy Policy.<\/p>\n<p><strong>What is a Cookie:<\/strong><\/p>\n<p>Cookies are small units of data temporarily stored on your computer and mobile device through your browser by the servers related to the website you visit, allowing you to experience the website better.<\/p>\n<p>This way, when you visit the same site, the server of that site can understand this.<\/p>\n<p>Cookies do not contain personal information about you, such as name, gender, address, and cannot be used to identify individual users.<\/p>\n<p>Cookies usually have a unique identifier, which is a randomly generated anonymous number that is stored on your device. Some expire when your website session ends (Session Cookies) while others remain on your computer for longer periods of time depending on their use (Persistent Cookies).<\/p>\n<p><strong>Types of Cookies:<\/strong><\/p>\n<p><strong>First Party Cookies:<\/strong>&nbsp;Yuvaloji Pet Malzemeleri Ticaret Anonim \u015eirketi is defined by .com and can only be read by this site.<\/p>\n<p>Yuvaloji Pet Materials Trade Joint Stock Company .com Cookie Types,<br><strong>Session Cookies<\/strong><br>Session cookies are temporary cookies that are used by our visitors during their visit to our site and are deleted after the browser is closed. The main purpose of using these types of cookies is to ensure that our site works properly during your visit.<br><strong>Persistent Cookies<\/strong><br>It is used and stored on your device to remember your preferences, to provide better and faster service, to personalize your use of the site, to increase its functionality and to provide basic functions. This use:<\/p>\n<ul>\n<li>Cookies that allow you to remain logged into the website, thus saving you the trouble of entering your password multiple times each time you visit, and<\/li>\n<li>It contains cookies that remember and recognize you on subsequent visits to the website.<\/li>\n<\/ul>\n<p>Yuvaloji Pet Malzemeleri Ticaret Anonim \u015eirketi is used to analyze our site, to determine where and from which devices you connect, to facilitate use, what content you view on our site and the duration of your visit, and how you use our site, including for the purpose of improving ourselves.<\/p>\n<p>It is used to present content and advertisements that are more suitable for you and your interests, in other words, for targeted advertising\/promotion purposes. Yuvaloji Pet Malzemeleri Ticaret Anonim \u015eirketi matches the information obtained through cookies with your other personal data; it presents you with more suitable content, personalized campaigns and products, and does not present content or opportunities that you have previously stated that you do not want.<\/p>\n<p><strong>Third Party Cookies:<\/strong><\/p>\n<p>Third-party cookies are set by other organisations that we use for different services. For example, external data analytics services that we use and the suppliers that provide this service set cookies on our behalf to report information to us such as the number of visitors to the website, the number of pages viewed, the hours of visits, and click-through behaviour on our site. In addition, YouTube content used on our site may set its own cookies.<\/p>\n<p><strong>Can the use of cookies be prevented?<\/strong><\/p>\n<p>You have the ability to personalize your preferences regarding cookies by changing the settings of your browser. If you reject persistent or session cookies, you may still use our website, but you may not have access to all of its functionality or your access may be limited. This will limit what you can do on our website and may have an impact on the design and user experience.<br>Helpful information to prevent,<\/p>\n<ul>\n<li><a href=\"https:\/\/support.google.com\/ads\/answer\/2662922?hl=en\">For Google Adwords<\/a><\/li>\n<li><a href=\"https:\/\/tools.google.com\/dlpage\/gaoptout\">For Google Analytics<\/a><\/li>\n<li><a href=\"http:\/\/www.google.com\/support\/chrome\/bin\/answer.py?hl=en&amp;answer=95647\">For Google Chrome<\/a><\/li>\n<li><a href=\"https:\/\/support.microsoft.com\/en-us\/help\/17442\/windows-internet-explorer-delete-manage-cookies\">For Internet Explorer<\/a><\/li>\n<li><a href=\"http:\/\/support.mozilla.com\/en-US\/kb\/Cookies\">Mozilla Firefox i\u00e7in<\/a><\/li>\n<li><a href=\"http:\/\/www.opera.com\/browser\/tutorials\/security\/privacy\/\">For Opera Browser<\/a><\/li>\n<li><a href=\"https:\/\/support.apple.com\/kb\/ph19214?locale=tr_TR\">For Safari Browser<\/a><\/li>\n<\/ul>\t\t\t\t\t\t\t\t<\/div>\n\t\t\t\t<\/div>\n\t\t            <\/div>\r\n        <\/div>\r\n        \t\t\t<\/div>\n\t\t<\/section>\n\t\t\t\t<\/div>","protected":false},"excerpt":{"rendered":"<p>Bilgi G\u00fcvenli\u011fi&nbsp; Hizmeti \u00c7erez Politikas\u0131: Yuvaloji Pet Malzemeleri Ticaret Anonim \u015eirketi .com olarak web sitemizin hizmetlerinden g\u00fcvenli ve eksiksiz \u015fekilde faydalanman\u0131z\u0131 sa\u011flamak , ki\u015fisel i\u00e7erik\/reklam g\u00f6stermek , yapt\u0131\u011f\u0131n\u0131z tercihleri hat\u0131rlamak, istatistiksel \u00e7al\u0131\u015fmalar ve daha iyi deneyim sunmak amac\u0131yla kullan\u0131m al\u0131\u015fkanl\u0131klar\u0131n\u0131 takip etmek i\u00e7in \u00e7erezler kullan\u0131yoruz.\u0130\u015fbu \u00c7erez Politikas\u0131 Yuvaloji Pet Malzemeleri Ticaret Anonim \u015eirketi .com Gizlilik [&hellip;]<\/p>\n","protected":false},"author":1,"featured_media":0,"parent":0,"menu_order":0,"comment_status":"closed","ping_status":"closed","template":"","meta":{"footnotes":""},"class_list":["post-3295","page","type-page","status-publish","hentry"],"_links":{"self":[{"href":"https:\/\/yuvaloji.com.tr\/en\/wp-json\/wp\/v2\/pages\/3295","targetHints":{"allow":["GET"]}}],"collection":[{"href":"https:\/\/yuvaloji.com.tr\/en\/wp-json\/wp\/v2\/pages"}],"about":[{"href":"https:\/\/yuvaloji.com.tr\/en\/wp-json\/wp\/v2\/types\/page"}],"author":[{"embeddable":true,"href":"https:\/\/yuvaloji.com.tr\/en\/wp-json\/wp\/v2\/users\/1"}],"replies":[{"embeddable":true,"href":"https:\/\/yuvaloji.com.tr\/en\/wp-json\/wp\/v2\/comments?post=3295"}],"version-history":[{"count":17,"href":"https:\/\/yuvaloji.com.tr\/en\/wp-json\/wp\/v2\/pages\/3295\/revisions"}],"predecessor-version":[{"id":3655,"href":"https:\/\/yuvaloji.com.tr\/en\/wp-json\/wp\/v2\/pages\/3295\/revisions\/3655"}],"wp:attachment":[{"href":"https:\/\/yuvaloji.com.tr\/en\/wp-json\/wp\/v2\/media?parent=3295"}],"curies":[{"name":"wp","href":"https:\/\/api.w.org\/{rel}","templated":true}]}}