{"id":3348,"date":"2025-04-10T07:59:09","date_gmt":"2025-04-10T07:59:09","guid":{"rendered":"https:\/\/yuvaloji.com.tr\/?page_id=3348"},"modified":"2025-07-01T09:44:56","modified_gmt":"2025-07-01T09:44:56","slug":"bilgi-toplum-hizmetleri","status":"publish","type":"page","link":"https:\/\/yuvaloji.com.tr\/en\/bilgi-toplum-hizmetleri\/","title":{"rendered":"Information Society Services"},"content":{"rendered":"<div data-elementor-type=\"wp-page\" data-elementor-id=\"3348\" class=\"elementor elementor-3348\">\n\t\t\t\t        <section class=\"elementor-section elementor-top-section elementor-element elementor-element-b78e507 elementor-section-boxed elementor-section-height-default elementor-section-height-default pxl-type-header-none pxl-bg-color-none pxl-row-scroll-none\" data-id=\"b78e507\" data-element_type=\"section\" data-e-type=\"section\">\n\n                \n                <div class=\"elementor-container elementor-column-gap-default\">\n                <div class=\"elementor-column elementor-col-100 elementor-top-column elementor-element elementor-element-0e2745e pxl-col-none pxl-column-none\" data-id=\"0e2745e\" data-element_type=\"column\" data-e-type=\"column\">\r\n        <div class=\"elementor-widget-wrap elementor-element-populated\">\r\n                     \r\n        \t\t<div class=\"elementor-element elementor-element-6a9abd1 elementor-widget elementor-widget-text-editor\" data-id=\"6a9abd1\" data-element_type=\"widget\" data-e-type=\"widget\" data-widget_type=\"text-editor.default\">\n\t\t\t\t<div class=\"elementor-widget-container\">\n\t\t\t\t\t\t\t\t\t<table width=\"745\"><thead><tr><td width=\"242\"><p>COMPANY<\/p><\/td><td width=\"497\">\u00a0<\/td><\/tr><\/thead><tbody><tr><td><p><strong>Company Type<\/strong><\/p><\/td><td><p>Joint Stock Company<\/p><\/td><\/tr><tr><td><p><strong>Trade Name<\/strong><\/p><\/td><td><p>YUVALOJI PET MATERIALS TRADING JOINT STOCK COMPANY<\/p><\/td><\/tr><tr><td><p><strong>Founding Date<\/strong><\/p><\/td><td><p>31.05.2018<\/p><\/td><\/tr><tr><td><p><strong>Registered Trade Registry Office<\/strong><\/p><\/td><td><p>\u0130stanbul<\/p><\/td><\/tr><tr><td><p><strong>Tax Office<\/strong><\/p><\/td><td><p>Marmara Institutions<\/p><\/td><\/tr><tr><td><p><strong>Tax Number<\/strong><\/p><\/td><td><p>0990909954<\/p><\/td><\/tr><tr><td><p><strong>MERS\u0130S NO<\/strong><\/p><\/td><td><p>0099090995400001<\/p><\/td><\/tr><tr><td><p><strong>Address<\/strong><\/p><\/td><td><p>AYAZAGA MAH. AZERBAYCAN CAD. 1B BLOK NO: 3 B IC<\/p><p>KAPI NO: 18 SARIYER\/ ISTANBUL<\/p><\/td><\/tr><tr><td><p><strong>E-mail<\/strong><\/p><\/td><td><p>info@yuvaloji.com<\/p><\/td><\/tr><tr><td><p><strong>Paid-in Capital<\/strong><\/p><\/td><td><p>500.000 TL<\/p><\/td><\/tr><tr><td><p><strong>Field of Activity of the Company<\/strong><\/p><\/td><td><p>RETAIL TRADE OF PETS, THEIR FOOD AND ANIMALS AND THEIR GOODS<\/p><\/td><\/tr><tr><td><p>\u00a0<\/p><\/td><td><p>\u00a0<\/p><\/td><\/tr><\/tbody><\/table><p>\u00a0<\/p>\t\t\t\t\t\t\t\t<\/div>\n\t\t\t\t<\/div>\n\t\t            <\/div>\r\n        <\/div>\r\n        \t\t\t<\/div>\n\t\t<\/section>\n\t\t\t\t<\/div>","protected":false},"excerpt":{"rendered":"<p>\u015e\u0130RKET \u00a0 \u015eirket T\u00fcr\u00fc Anonim \u015eirketi Ticari Unvan\u0131 YUVALOJI PET MALZEMELERI TICARET ANONIM SIRKETI Kurulu\u015f Tarihi 31.05.2018 Kay\u0131tl\u0131 Bulundu\u011fu Ticaret Sicil M\u00fcd\u00fcrl\u00fc\u011f\u00fc \u0130stanbul Vergi Dairesi Marmara Kurumlar Vergi Numaras\u0131 0990909954 MERS\u0130S NO 0099090995400001 Adres AYAZAGA MAH. AZERBAYCAN CAD. 1B BLOK NO: 3 B IC KAPI NO: 18 SARIYER\/ ISTANBUL E-mail info@yuvaloji.com \u00d6denmi\u015f Sermaye 500.000 TL [&hellip;]<\/p>\n","protected":false},"author":1,"featured_media":0,"parent":0,"menu_order":0,"comment_status":"closed","ping_status":"closed","template":"","meta":{"footnotes":""},"class_list":["post-3348","page","type-page","status-publish","hentry"],"_links":{"self":[{"href":"https:\/\/yuvaloji.com.tr\/en\/wp-json\/wp\/v2\/pages\/3348","targetHints":{"allow":["GET"]}}],"collection":[{"href":"https:\/\/yuvaloji.com.tr\/en\/wp-json\/wp\/v2\/pages"}],"about":[{"href":"https:\/\/yuvaloji.com.tr\/en\/wp-json\/wp\/v2\/types\/page"}],"author":[{"embeddable":true,"href":"https:\/\/yuvaloji.com.tr\/en\/wp-json\/wp\/v2\/users\/1"}],"replies":[{"embeddable":true,"href":"https:\/\/yuvaloji.com.tr\/en\/wp-json\/wp\/v2\/comments?post=3348"}],"version-history":[{"count":17,"href":"https:\/\/yuvaloji.com.tr\/en\/wp-json\/wp\/v2\/pages\/3348\/revisions"}],"predecessor-version":[{"id":3718,"href":"https:\/\/yuvaloji.com.tr\/en\/wp-json\/wp\/v2\/pages\/3348\/revisions\/3718"}],"wp:attachment":[{"href":"https:\/\/yuvaloji.com.tr\/en\/wp-json\/wp\/v2\/media?parent=3348"}],"curies":[{"name":"wp","href":"https:\/\/api.w.org\/{rel}","templated":true}]}}