{"id":414,"date":"2023-07-17T07:45:54","date_gmt":"2023-07-17T07:45:54","guid":{"rendered":"https:\/\/demo.bravisthemes.com\/patte\/?page_id=414"},"modified":"2025-07-01T07:45:59","modified_gmt":"2025-07-01T07:45:59","slug":"iletisim","status":"publish","type":"page","link":"https:\/\/yuvaloji.com.tr\/en\/iletisim\/","title":{"rendered":"Communication"},"content":{"rendered":"<div data-elementor-type=\"wp-page\" data-elementor-id=\"414\" class=\"elementor elementor-414\">\n\t\t\t\t        <section class=\"elementor-section elementor-top-section elementor-element elementor-element-b165eaf elementor-section-stretched elementor-section-boxed elementor-section-height-default elementor-section-height-default pxl-type-header-none pxl-bg-color-none pxl-row-scroll-none\" data-id=\"b165eaf\" data-element_type=\"section\" data-e-type=\"section\" data-settings=\"{&quot;stretch_section&quot;:&quot;section-stretched&quot;}\">\n\n                \n                <div class=\"elementor-container elementor-column-gap-extended\">\n                <div class=\"elementor-column elementor-col-100 elementor-top-column elementor-element elementor-element-0d85f72 pxl-col-none pxl-column-none\" data-id=\"0d85f72\" data-element_type=\"column\" data-e-type=\"column\">\r\n        <div class=\"elementor-widget-wrap elementor-element-populated\">\r\n                     \r\n                <section class=\"elementor-section elementor-inner-section elementor-element elementor-element-57fe4d8 elementor-section-boxed elementor-section-height-default elementor-section-height-default pxl-type-header-none pxl-bg-color-none pxl-row-scroll-none\" data-id=\"57fe4d8\" data-element_type=\"section\" data-e-type=\"section\">\n\n                \n                <div class=\"elementor-container elementor-column-gap-extended\">\n                <div class=\"elementor-column elementor-col-50 elementor-inner-column elementor-element elementor-element-8844401 pxl-col-none pxl-column-none\" data-id=\"8844401\" data-element_type=\"column\" data-e-type=\"column\">\r\n        <div class=\"elementor-widget-wrap elementor-element-populated\">\r\n                     \r\n        \t\t<div class=\"elementor-element elementor-element-0c60cac elementor-widget elementor-widget-pxl_contact_info\" data-id=\"0c60cac\" data-element_type=\"widget\" data-e-type=\"widget\" data-widget_type=\"pxl_contact_info.default\">\n\t\t\t\t<div class=\"elementor-widget-container\">\n\t\t\t\t\t<div class=\"pxl-contact-info pxl-contact-info3\" data-wow-delay=\"ms\" data-wow-duration=\"1.2s\">\r\n            <span class=\"pxl-item--icon pxl-round\">\r\n            <i aria-hidden=\"true\" class=\"fab fa-whatsapp\"><\/i>        <\/span>\r\n                <p class=\"pxl-item--title\">Whatsapp<\/p>\r\n                <a class=\"pxl-item--description\" href=\"https:\/\/api.whatsapp.com\/send?phone=905431292120&amp;text\">\r\n            0543 129 21 20        <\/a>\r\n                <p class=\".pxl-item-more-infomation\">24\/7 Support team<\/p>\r\n    <\/div>\t\t\t\t<\/div>\n\t\t\t\t<\/div>\n\t\t\t\t<div class=\"elementor-element elementor-element-2061368 elementor-widget elementor-widget-pxl_contact_info\" data-id=\"2061368\" data-element_type=\"widget\" data-e-type=\"widget\" data-widget_type=\"pxl_contact_info.default\">\n\t\t\t\t<div class=\"elementor-widget-container\">\n\t\t\t\t\t<div class=\"pxl-contact-info pxl-contact-info3\" data-wow-delay=\"ms\" data-wow-duration=\"1.2s\">\r\n            <span class=\"pxl-item--icon pxl-round\">\r\n            <i aria-hidden=\"true\" class=\"flaticon  flaticon-envelope\"><\/i>        <\/span>\r\n                <p class=\"pxl-item--title\">Email<\/p>\r\n                <a class=\"pxl-item--description\" href=\"mailto:info@yuvaloji.com.tr\">\r\n            info@yuvaloji.com.tr        <\/a>\r\n        <\/div>\t\t\t\t<\/div>\n\t\t\t\t<\/div>\n\t\t            <\/div>\r\n        <\/div>\r\n                <div class=\"elementor-column elementor-col-50 elementor-inner-column elementor-element elementor-element-986464b pxl-col-none pxl-column-none\" data-id=\"986464b\" data-element_type=\"column\" data-e-type=\"column\">\r\n        <div class=\"elementor-widget-wrap elementor-element-populated\">\r\n                     \r\n        \t\t<div class=\"elementor-element elementor-element-279f194 elementor-widget elementor-widget-pxl_contact_form\" data-id=\"279f194\" data-element_type=\"widget\" data-e-type=\"widget\" data-widget_type=\"pxl_contact_form.default\">\n\t\t\t\t<div class=\"elementor-widget-container\">\n\t\t\t\t\t    <div class=\"pxl-contact-form pxl-contact-form1 style1\" data-wow-delay=\"ms\" data-wow-duration=\"1.2s\">\r\n        \n<div class=\"wpcf7 no-js\" id=\"wpcf7-f413-o1\" lang=\"en-US\" dir=\"ltr\" data-wpcf7-id=\"413\">\n<div class=\"screen-reader-response\"><p role=\"status\" aria-live=\"polite\" aria-atomic=\"true\"><\/p> <ul><\/ul><\/div>\n<form action=\"\/en\/wp-json\/wp\/v2\/pages\/414#wpcf7-f413-o1\" method=\"post\" class=\"wpcf7-form init\" aria-label=\"Contact form\" novalidate=\"novalidate\" data-status=\"init\" data-trp-original-action=\"\/en\/wp-json\/wp\/v2\/pages\/414#wpcf7-f413-o1\">\n<fieldset class=\"hidden-fields-container\"><input type=\"hidden\" name=\"_wpcf7\" value=\"413\" \/><input type=\"hidden\" name=\"_wpcf7_version\" value=\"6.1.5\" \/><input type=\"hidden\" name=\"_wpcf7_locale\" value=\"en_US\" \/><input type=\"hidden\" name=\"_wpcf7_unit_tag\" value=\"wpcf7-f413-o1\" \/><input type=\"hidden\" name=\"_wpcf7_container_post\" value=\"0\" \/><input type=\"hidden\" name=\"_wpcf7_posted_data_hash\" value=\"\" \/>\n<\/fieldset>\n<div class=\"wp-row-ctf7 contact-form-custom1\">\n\t<h3 class=\"form-title\">Would you like to contact us?\n\t<\/h3>\n\t<div class=\"row input-contact\">\n\t\t<div class=\"col-xl-6 col-lg-6 col-md-12\">\n\t\t\t<div class=\"input-filled\">\n\t\t\t\t<p><span class=\"wpcf7-form-control-wrap\" data-name=\"your-name\"><input size=\"40\" maxlength=\"400\" class=\"wpcf7-form-control wpcf7-text wpcf7-validates-as-required\" aria-required=\"true\" aria-invalid=\"false\" placeholder=\"Name Surname\" value=\"\" type=\"text\" name=\"your-name\" \/><\/span>\n\t\t\t\t<\/p>\n\t\t\t<\/div>\n\t\t<\/div>\n\t\t<div class=\"col-xl-6 col-lg-6 col-md-12\">\n\t\t\t<div class=\"input-filled\">\n\t\t\t\t<p><span class=\"wpcf7-form-control-wrap\" data-name=\"your-email\"><input size=\"40\" maxlength=\"400\" class=\"wpcf7-form-control wpcf7-email wpcf7-validates-as-required wpcf7-text wpcf7-validates-as-email\" aria-required=\"true\" aria-invalid=\"false\" placeholder=\"Email Address\" value=\"\" type=\"email\" name=\"your-email\" \/><\/span>\n\t\t\t\t<\/p>\n\t\t\t<\/div>\n\t\t<\/div>\n\t<\/div>\n\t<div class=\"row input-contact\">\n\t\t<div class=\"col-xl-12 col-lg-12 col-md-12 col-sm-12 select-department\">\n\t\t\t<div class=\"input-filled\">\n\t\t\t\t<p><span class=\"wpcf7-form-control-wrap\" data-name=\"your-select\"><select class=\"wpcf7-form-control wpcf7-select select-style1\" aria-invalid=\"false\" name=\"your-select\"><option value=\"Bizi nereden duydunuz?\">Where did you hear about us?<\/option><option value=\"Facebook\">Facebook<\/option><option value=\"Twitter\">Twitter<\/option><option value=\"Instagram\">Instagram<\/option><option value=\"Linkedin\">Linkedin<\/option><\/select><\/span>\n\t\t\t\t<\/p>\n\t\t\t<\/div>\n\t\t<\/div>\n\t<\/div>\n\t<div class=\"row input-contact\">\n\t\t<div class=\"col-md-12\">\n\t\t\t<div class=\"input-filled\">\n\t\t\t\t<p><span class=\"wpcf7-form-control-wrap\" data-name=\"your-massage\"><textarea cols=\"40\" rows=\"10\" maxlength=\"2000\" class=\"wpcf7-form-control wpcf7-textarea wpcf7-validates-as-required\" aria-required=\"true\" aria-invalid=\"false\" placeholder=\"Message\" name=\"your-massage\"><\/textarea><\/span>\n\t\t\t\t<\/p>\n\t\t\t<\/div>\n\t\t<\/div>\n\t<\/div>\n\t<div class=\"row button-contact\">\n\t\t<div class=\"col-xl-12\">\n\t\t\t<div class=\"btn-form\">\n\t\t\t\t<p><button type=\"submit\" class=\"wpcf7-submit btn\">Send<\/button>\n\t\t\t\t<\/p>\n\t\t\t<\/div>\n\t\t<\/div>\n\t<\/div>\n<\/div><div class=\"wpcf7-response-output\" aria-hidden=\"true\"><\/div>\n<input type=\"hidden\" name=\"trp-form-language\" value=\"en\"\/><\/form>\n<\/div>\n    <\/div>\r\n\t\t\t\t<\/div>\n\t\t\t\t<\/div>\n\t\t            <\/div>\r\n        <\/div>\r\n        \t\t\t<\/div>\n\t\t<\/section>\n\t\t            <\/div>\r\n        <\/div>\r\n        \t\t\t<\/div>\n\t\t<\/section>\n\t\t\t\t<\/div>","protected":false},"excerpt":{"rendered":"<p>Whatsapp 0543 129 21 20 7\/24 Destek ekibi E-Posta info@yuvaloji.com.tr Bizimle \u0130leti\u015fime Ge\u00e7mek \u0130ster misiniz? Bizi nereden duydunuz?FacebookTwitterInstagramLinkedin G\u00f6nder<\/p>","protected":false},"author":1,"featured_media":0,"parent":0,"menu_order":0,"comment_status":"closed","ping_status":"closed","template":"","meta":{"footnotes":""},"class_list":["post-414","page","type-page","status-publish","hentry"],"_links":{"self":[{"href":"https:\/\/yuvaloji.com.tr\/en\/wp-json\/wp\/v2\/pages\/414","targetHints":{"allow":["GET"]}}],"collection":[{"href":"https:\/\/yuvaloji.com.tr\/en\/wp-json\/wp\/v2\/pages"}],"about":[{"href":"https:\/\/yuvaloji.com.tr\/en\/wp-json\/wp\/v2\/types\/page"}],"author":[{"embeddable":true,"href":"https:\/\/yuvaloji.com.tr\/en\/wp-json\/wp\/v2\/users\/1"}],"replies":[{"embeddable":true,"href":"https:\/\/yuvaloji.com.tr\/en\/wp-json\/wp\/v2\/comments?post=414"}],"version-history":[{"count":19,"href":"https:\/\/yuvaloji.com.tr\/en\/wp-json\/wp\/v2\/pages\/414\/revisions"}],"predecessor-version":[{"id":3704,"href":"https:\/\/yuvaloji.com.tr\/en\/wp-json\/wp\/v2\/pages\/414\/revisions\/3704"}],"wp:attachment":[{"href":"https:\/\/yuvaloji.com.tr\/en\/wp-json\/wp\/v2\/media?parent=414"}],"curies":[{"name":"wp","href":"https:\/\/api.w.org\/{rel}","templated":true}]}}