{"id":3091,"date":"2025-03-24T07:18:14","date_gmt":"2025-03-24T07:18:14","guid":{"rendered":"https:\/\/yuvaloji.com.tr\/?post_type=product&#038;p=3091"},"modified":"2025-12-11T06:43:46","modified_gmt":"2025-12-11T06:43:46","slug":"yuvaloji-premium-yetiskin-tavuklu-kedi-mamasi","status":"publish","type":"product","link":"https:\/\/yuvaloji.com.tr\/en\/\u00fcr\u00fcn\/yuvaloji-premium-yetiskin-tavuklu-kedi-mamasi\/","title":{"rendered":"Premium Adult Chicken Cat Food"},"content":{"rendered":"<p>T\u00fcm \u0131rklardan yeti\u015fkin kediler i\u00e7in haz\u0131rlanm\u0131\u015ft\u0131r.<\/p>\n<ul>\n<li><em>Y<\/em>eti\u015fkin kedi besin ihtiya\u00e7lar\u0131na g\u00f6re haz\u0131rlanm\u0131\u015f, tamam\u0131 do\u011fal i\u00e7erikli yeti\u015fkin bir kedinin g\u00fcnl\u00fck aktivitesini kar\u015f\u0131layacak \u015fekilde form\u00fcle edilmi\u015ftir<\/li>\n<li>\u0130\u00e7erdi\u011fi \u00e7inko ve antioksidan vitamin katk\u0131lar\u0131 ile g\u00fc\u00e7l\u00fc ba\u011f\u0131\u015f\u0131kl\u0131k sistemi ve hastal\u0131klara kar\u015f\u0131 maksimum diren\u00e7 sa\u011flar.<\/li>\n<li>Kalp sa\u011fl\u0131\u011f\u0131 ve g\u00f6z sa\u011fl\u0131\u011f\u0131 i\u00e7in taurin ihtiva eder.<\/li>\n<li>Omega 3 ve Omega 6 ya\u011f asitlerince zenginle\u015ftirilmi\u015ftir.<\/li>\n<li>GDO\u2019suz hammaddelerden \u00fcretilmi\u015ftir. Soya ve domuz i\u00e7ermez, \u015feker ilavesizdir.<\/li>\n<li>Kedilerin k\u00fcrk yap\u0131s\u0131n\u0131 g\u00fc\u00e7lendirecek \u00e7inko ve biotin ( B7 vitamini) eklenmi\u015ftir.<\/li>\n<li>\u00d6zel olarak tasarlanm\u0131\u015f tane \u015fekilleri ile sindirim sistemi, di\u015f ve di\u015fetleri korunmu\u015f olur.<\/li>\n<li>Sindirimi kolay i\u00e7erikler sayesinde mide hassasiyetini en aza indirir.<\/li>\n<li>Tazeli\u011fini koruyan yap\u0131s\u0131yla her \u00f6\u011f\u00fcnde lezzetli bir beslenme sunar.<\/li>\n<\/ul>\n<p>&nbsp;<\/p>\n<p><strong>1 Yas \u00dcst\u00fc, t\u00fcm \u0131rklara uygun ekstr\u00fcde tam ve dengeli form\u00fcle edilmi\u015f, Tavuklu Ya\u015f Kedi Mamas\u0131d\u0131r.<\/strong><\/p>\n<p><strong>\u0130\u00c7\u0130NDEK\u0130LER<\/strong><\/p>\n<p>\u0130\u015flenmi\u015f Tavuk Proteini (%32), M\u0131s\u0131r, M\u0131s\u0131r gl\u00fcteni, Tavuk Ya\u011f\u0131, Pirin\u00e7, Hidrolize Tavuk Ci\u011feri, Bira mayas\u0131, \u0130\u015flenmi\u015f Bal\u0131k Proteini, Hamsi Ya\u011f\u0131, Karides Unu, Tuz, N\u00fckleotit Maya Proteini, Mineraller, Prebiyotik Mannan Oligo Sakkaritler.<\/p>\n<p><strong>ANAL\u0130T\u0130K B\u0130LE\u015eENLER<\/strong><\/p>\n<p>Protein %28, Yag I\u00e7erigi %13, Ham K\u00fcl %9, Ham Sel\u00fcloz (Lif) %2,5, Omega 6 %3,7, Omega 3 % 0,7<\/p>\n<p><strong>BESLEY\u0130C\u0130 \u0130LAVELER<\/strong><\/p>\n<p>Vitamin A (3a672a) 10000 IU\/kg, Vitamin D3 (3a671) 750 IU\/kg, Vitamin E (3a700) 200 mg\/kg, Vitamin C (3a300) 15 mg\/kg, Taurine (3a370) 1200 mg\/kg, Vitamin B1 (3a821), Vitamin B2 (3a825i), Vitamin B3 (3a315 Niasin), Vitamin B6 (3a831), Vitamin B12 (3a835), Vitamin B7 (3a880 Biotin), Vitamin B9 (3a316 Folik asit), Vitamin K3 (3a710), Kalsiyum D-Pantotenat (3a841), Kalsiyum (11.1.1), fosfor (11.3.1), \u00e7inko (3b603), bak\u0131r (3b405), demir (3b103), sodyum (11.4.2), organik selenyum (3b801), iyot (3b202)<\/p>\n<ul>\n<li style=\"list-style-type: none;\">\n<p class=\"v1MsoNormal\">son kullan\u0131m tarihleri\u00a0 \u00a0 \u00a0 \u00a0 :\u00a0 \u00a0 \u00a0 \u00a0 \u00a0 \u00a0 \u00a0 \u00a0 \u00a0 \u00a0 \u00a0 \u00a0 \u00a0 \u00a0 \u00a0 \u00a0 \u00a0 \u00a0 \u00a0 \u00a0 \u00a0 \u00a0 \u00a0 \u00a0 \u00a0 \u00a0 <b>\u00dcretim tarihinden itibaren 18 ayd\u0131r.<\/b><\/p>\n<\/li>\n<\/ul>\n<p><img decoding=\"async\" class=\"alignnone wp-image-3569\" src=\"https:\/\/yuvaloji.com.tr\/wp-content\/uploads\/2025\/03\/image007.png\" alt=\"\" width=\"244\" height=\"79\" srcset=\"https:\/\/yuvaloji.com.tr\/wp-content\/uploads\/2025\/03\/image007.png 297w, https:\/\/yuvaloji.com.tr\/wp-content\/uploads\/2025\/03\/image007-18x6.png 18w\" sizes=\"(max-width: 244px) 100vw, 244px\" \/> <img decoding=\"async\" class=\"alignnone wp-image-3570\" src=\"https:\/\/yuvaloji.com.tr\/wp-content\/uploads\/2025\/03\/image006.png\" alt=\"\" width=\"204\" height=\"126\" srcset=\"https:\/\/yuvaloji.com.tr\/wp-content\/uploads\/2025\/03\/image006.png 297w, https:\/\/yuvaloji.com.tr\/wp-content\/uploads\/2025\/03\/image006-18x12.png 18w\" sizes=\"(max-width: 204px) 100vw, 204px\" \/> <img decoding=\"async\" class=\"alignnone wp-image-3571\" src=\"https:\/\/yuvaloji.com.tr\/wp-content\/uploads\/2025\/03\/image005.png\" alt=\"\" width=\"234\" height=\"71\" srcset=\"https:\/\/yuvaloji.com.tr\/wp-content\/uploads\/2025\/03\/image005.png 297w, https:\/\/yuvaloji.com.tr\/wp-content\/uploads\/2025\/03\/image005-18x5.png 18w\" sizes=\"(max-width: 234px) 100vw, 234px\" \/> <img loading=\"lazy\" decoding=\"async\" class=\"alignnone wp-image-3572\" src=\"https:\/\/yuvaloji.com.tr\/wp-content\/uploads\/2025\/03\/image002-300x118.png\" alt=\"\" width=\"224\" height=\"88\" srcset=\"https:\/\/yuvaloji.com.tr\/wp-content\/uploads\/2025\/03\/image002-300x118.png 300w, https:\/\/yuvaloji.com.tr\/wp-content\/uploads\/2025\/03\/image002-18x7.png 18w, https:\/\/yuvaloji.com.tr\/wp-content\/uploads\/2025\/03\/image002.png 502w\" sizes=\"(max-width: 224px) 100vw, 224px\" \/><\/p>","protected":false},"excerpt":{"rendered":"<p>T\u00fcm \u0131rklardan yeti\u015fkin kediler i\u00e7in haz\u0131rlanm\u0131\u015ft\u0131r. Yeti\u015fkin kedi besin ihtiya\u00e7lar\u0131na g\u00f6re haz\u0131rlanm\u0131\u015f, tamam\u0131 do\u011fal i\u00e7erikli yeti\u015fkin bir kedinin g\u00fcnl\u00fck aktivitesini kar\u015f\u0131layacak \u015fekilde form\u00fcle edilmi\u015ftir \u0130\u00e7erdi\u011fi \u00e7inko ve antioksidan vitamin katk\u0131lar\u0131 ile g\u00fc\u00e7l\u00fc ba\u011f\u0131\u015f\u0131kl\u0131k sistemi ve hastal\u0131klara kar\u015f\u0131 maksimum diren\u00e7 sa\u011flar. Kalp sa\u011fl\u0131\u011f\u0131 ve g\u00f6z sa\u011fl\u0131\u011f\u0131 i\u00e7in taurin ihtiva eder. Omega 3 ve Omega 6 ya\u011f [&hellip;]<\/p>\n","protected":false},"featured_media":3502,"template":"","meta":[],"product_brand":[],"product_cat":[39,42,35],"product_tag":[],"class_list":{"0":"post-3091","1":"product","2":"type-product","3":"status-publish","4":"has-post-thumbnail","6":"product_cat-kedi-mamalari","7":"product_cat-kuru-mamalar","8":"product_cat-urunlerimiz","10":"first","11":"instock","12":"taxable","13":"shipping-taxable","14":"purchasable","15":"product-type-simple"},"_links":{"self":[{"href":"https:\/\/yuvaloji.com.tr\/en\/wp-json\/wp\/v2\/product\/3091","targetHints":{"allow":["GET"]}}],"collection":[{"href":"https:\/\/yuvaloji.com.tr\/en\/wp-json\/wp\/v2\/product"}],"about":[{"href":"https:\/\/yuvaloji.com.tr\/en\/wp-json\/wp\/v2\/types\/product"}],"version-history":[{"count":12,"href":"https:\/\/yuvaloji.com.tr\/en\/wp-json\/wp\/v2\/product\/3091\/revisions"}],"predecessor-version":[{"id":3580,"href":"https:\/\/yuvaloji.com.tr\/en\/wp-json\/wp\/v2\/product\/3091\/revisions\/3580"}],"wp:featuredmedia":[{"embeddable":true,"href":"https:\/\/yuvaloji.com.tr\/en\/wp-json\/wp\/v2\/media\/3502"}],"wp:attachment":[{"href":"https:\/\/yuvaloji.com.tr\/en\/wp-json\/wp\/v2\/media?parent=3091"}],"wp:term":[{"taxonomy":"product_brand","embeddable":true,"href":"https:\/\/yuvaloji.com.tr\/en\/wp-json\/wp\/v2\/product_brand?post=3091"},{"taxonomy":"product_cat","embeddable":true,"href":"https:\/\/yuvaloji.com.tr\/en\/wp-json\/wp\/v2\/product_cat?post=3091"},{"taxonomy":"product_tag","embeddable":true,"href":"https:\/\/yuvaloji.com.tr\/en\/wp-json\/wp\/v2\/product_tag?post=3091"}],"curies":[{"name":"wp","href":"https:\/\/api.w.org\/{rel}","templated":true}]}}