{"id":3136,"date":"2025-03-24T10:56:31","date_gmt":"2025-03-24T10:56:31","guid":{"rendered":"https:\/\/yuvaloji.com.tr\/?post_type=product&#038;p=3136"},"modified":"2025-12-11T06:42:41","modified_gmt":"2025-12-11T06:42:41","slug":"yetiskin-kopekler-icin-tavuk-parca-etli-soslu-yas-kopek-mamasi","status":"publish","type":"product","link":"https:\/\/yuvaloji.com.tr\/en\/\u00fcr\u00fcn\/yetiskin-kopekler-icin-tavuk-parca-etli-soslu-yas-kopek-mamasi\/","title":{"rendered":"Chicken Pieces Sauce Wet Dog Food for Adult Dogs"},"content":{"rendered":"<p>Yeti\u015fkin \u00a0K\u00f6pekler \u00a0i\u00e7in lezzetine doyum olmayan, zengin et i\u00e7eri\u011fi ve tamamen do\u011fal besinlerle,<\/p>\n<ul>\n<li>Y\u00fcksek et i\u00e7eri\u011fi sayesinde k\u00f6pe\u011finizin do\u011fal beslenme al\u0131\u015fkanl\u0131klar\u0131na uygundur.<\/li>\n<li>\u00d6zenle se\u00e7ilmi\u015f malzemelerle haz\u0131rlanm\u0131\u015f besleyici ve dengeli form\u00fcle sahiptir.<\/li>\n<li>Sa\u011fl\u0131kl\u0131 sinir sistemi ve kalp kaslar\u0131n\u0131n geli\u015fimini sa\u011flamak i\u00e7in esansiyel bir besin olan Taurin oran\u0131 artt\u0131r\u0131lm\u0131\u015ft\u0131r.<\/li>\n<li>Metabolizmay\u0131 ve ba\u011f\u0131\u015f\u0131kl\u0131k sistemini destekleyerek hastal\u0131k riskini en aza indirgemek \u00fczere vitamin ve mineral seviyeleri artt\u0131r\u0131lm\u0131\u015ft\u0131r.<\/li>\n<\/ul>\n<p><strong>\u0130\u00c7\u0130NDEK\u0130LER <\/strong><\/p>\n<p>Et ve et \u00fcr\u00fcnleri (Tavuk min. %4), bitkisel \u00fcr\u00fcnler, mineraller ve vitamin katk\u0131lar\u0131.<\/p>\n<p><strong>ANAL\u0130T\u0130K B\u0130LE\u015eENLER<\/strong><\/p>\n<p>Protein %6.5, Ya\u011f %4.0, Sel\u00fcloz %0.4, K\u00fcl %3.0, Nem %84.0<\/p>\n<p><strong>BES\u0130NSEL TAKV\u0130YELER<\/strong><\/p>\n<p>Vitamin A 1000 i.u.\/Kg, Vitamin D3 100 i.u.\/Kg, Vitamin E 13 i.u.\/Kg, Taurin 250 mg<\/p>\n<p class=\"v1MsoNormal\">son kullan\u0131m tarihleri<br \/>\n&#8211; 3 y\u0131l 1095 g\u00fcn d\u00fcr.<\/p>\n<p><img decoding=\"async\" class=\"alignnone wp-image-3569\" src=\"https:\/\/yuvaloji.com.tr\/wp-content\/uploads\/2025\/03\/image007.png\" alt=\"\" width=\"244\" height=\"79\" srcset=\"https:\/\/yuvaloji.com.tr\/wp-content\/uploads\/2025\/03\/image007.png 297w, https:\/\/yuvaloji.com.tr\/wp-content\/uploads\/2025\/03\/image007-18x6.png 18w\" sizes=\"(max-width: 244px) 100vw, 244px\" \/> <img decoding=\"async\" class=\"alignnone wp-image-3570\" src=\"https:\/\/yuvaloji.com.tr\/wp-content\/uploads\/2025\/03\/image006.png\" alt=\"\" width=\"204\" height=\"126\" srcset=\"https:\/\/yuvaloji.com.tr\/wp-content\/uploads\/2025\/03\/image006.png 297w, https:\/\/yuvaloji.com.tr\/wp-content\/uploads\/2025\/03\/image006-18x12.png 18w\" sizes=\"(max-width: 204px) 100vw, 204px\" \/> <img decoding=\"async\" class=\"alignnone wp-image-3571\" src=\"https:\/\/yuvaloji.com.tr\/wp-content\/uploads\/2025\/03\/image005.png\" alt=\"\" width=\"234\" height=\"71\" srcset=\"https:\/\/yuvaloji.com.tr\/wp-content\/uploads\/2025\/03\/image005.png 297w, https:\/\/yuvaloji.com.tr\/wp-content\/uploads\/2025\/03\/image005-18x5.png 18w\" sizes=\"(max-width: 234px) 100vw, 234px\" \/> <img loading=\"lazy\" decoding=\"async\" class=\"alignnone wp-image-3572\" src=\"https:\/\/yuvaloji.com.tr\/wp-content\/uploads\/2025\/03\/image002-300x118.png\" alt=\"\" width=\"224\" height=\"88\" srcset=\"https:\/\/yuvaloji.com.tr\/wp-content\/uploads\/2025\/03\/image002-300x118.png 300w, https:\/\/yuvaloji.com.tr\/wp-content\/uploads\/2025\/03\/image002-18x7.png 18w, https:\/\/yuvaloji.com.tr\/wp-content\/uploads\/2025\/03\/image002.png 502w\" sizes=\"(max-width: 224px) 100vw, 224px\" \/><\/p>","protected":false},"excerpt":{"rendered":"<p>Yeti\u015fkin \u00a0K\u00f6pekler \u00a0i\u00e7in lezzetine doyum olmayan, zengin et i\u00e7eri\u011fi ve tamamen do\u011fal besinlerle, Y\u00fcksek et i\u00e7eri\u011fi sayesinde k\u00f6pe\u011finizin do\u011fal beslenme al\u0131\u015fkanl\u0131klar\u0131na uygundur. \u00d6zenle se\u00e7ilmi\u015f malzemelerle haz\u0131rlanm\u0131\u015f besleyici ve dengeli form\u00fcle sahiptir. Sa\u011fl\u0131kl\u0131 sinir sistemi ve kalp kaslar\u0131n\u0131n geli\u015fimini sa\u011flamak i\u00e7in esansiyel bir besin olan Taurin oran\u0131 artt\u0131r\u0131lm\u0131\u015ft\u0131r. Metabolizmay\u0131 ve ba\u011f\u0131\u015f\u0131kl\u0131k sistemini destekleyerek hastal\u0131k riskini en [&hellip;]<\/p>\n","protected":false},"featured_media":3490,"template":"","meta":[],"product_brand":[],"product_cat":[38,35,44],"product_tag":[],"class_list":{"0":"post-3136","1":"product","2":"type-product","3":"status-publish","4":"has-post-thumbnail","6":"product_cat-kopek-mamalari","7":"product_cat-urunlerimiz","8":"product_cat-yas-mamalar-kopek-mamalari","10":"first","11":"instock","12":"taxable","13":"shipping-taxable","14":"purchasable","15":"product-type-simple"},"_links":{"self":[{"href":"https:\/\/yuvaloji.com.tr\/en\/wp-json\/wp\/v2\/product\/3136","targetHints":{"allow":["GET"]}}],"collection":[{"href":"https:\/\/yuvaloji.com.tr\/en\/wp-json\/wp\/v2\/product"}],"about":[{"href":"https:\/\/yuvaloji.com.tr\/en\/wp-json\/wp\/v2\/types\/product"}],"version-history":[{"count":6,"href":"https:\/\/yuvaloji.com.tr\/en\/wp-json\/wp\/v2\/product\/3136\/revisions"}],"predecessor-version":[{"id":3574,"href":"https:\/\/yuvaloji.com.tr\/en\/wp-json\/wp\/v2\/product\/3136\/revisions\/3574"}],"wp:featuredmedia":[{"embeddable":true,"href":"https:\/\/yuvaloji.com.tr\/en\/wp-json\/wp\/v2\/media\/3490"}],"wp:attachment":[{"href":"https:\/\/yuvaloji.com.tr\/en\/wp-json\/wp\/v2\/media?parent=3136"}],"wp:term":[{"taxonomy":"product_brand","embeddable":true,"href":"https:\/\/yuvaloji.com.tr\/en\/wp-json\/wp\/v2\/product_brand?post=3136"},{"taxonomy":"product_cat","embeddable":true,"href":"https:\/\/yuvaloji.com.tr\/en\/wp-json\/wp\/v2\/product_cat?post=3136"},{"taxonomy":"product_tag","embeddable":true,"href":"https:\/\/yuvaloji.com.tr\/en\/wp-json\/wp\/v2\/product_tag?post=3136"}],"curies":[{"name":"wp","href":"https:\/\/api.w.org\/{rel}","templated":true}]}}