{"id":3139,"date":"2025-03-24T10:57:33","date_gmt":"2025-03-24T10:57:33","guid":{"rendered":"https:\/\/yuvaloji.com.tr\/?post_type=product&#038;p=3139"},"modified":"2025-12-12T11:14:08","modified_gmt":"2025-12-12T11:14:08","slug":"yuvaloji-premium-yetiskin-tavuklu-kopek-mamasi","status":"publish","type":"product","link":"https:\/\/yuvaloji.com.tr\/en\/\u00fcr\u00fcn\/yuvaloji-premium-yetiskin-tavuklu-kopek-mamasi\/","title":{"rendered":"Premium Adult Chicken Dog Food"},"content":{"rendered":"<ul>\n<li style=\"list-style-type: none;\">\n<ul>\n<li><strong>\u00a0<\/strong>K\u00f6pe\u011finizin kan olu\u015fumunda, t\u00fcy yap\u0131s\u0131nda, deri ve kas geli\u015fiminde \u00f6nemli bir rol oynayan proteinler ve aminoasitler i\u00e7erisinde dengeli bir \u015fekilde bulunmaktad\u0131r.<\/li>\n<li>\u00a0Bu \u00f6zel form\u00fclasyon, y\u00fcksek kaliteli tavuk etini i\u00e7erir ve ayn\u0131 zamanda temel amino asitler ve ya\u011f asitleri sunarak enerji seviyelerini destekler.<\/li>\n<li>GDO\u2019suz hammaddelerden \u00fcretilmi\u015ftir. Soya ve domuz i\u00e7ermez, \u015feker ilavesizdir.<\/li>\n<li>Sa\u011fl\u0131kl\u0131 bir kalp ve sa\u011fl\u0131kl\u0131 g\u00f6rme a\u00e7\u0131s\u0131ndan en iyi vitamin ve mineral katk\u0131lar\u0131na sahiptir.<\/li>\n<li>Omega 3 ve Omega 6 ya\u011f asitlerince zenginle\u015ftirilmi\u015ftir.<\/li>\n<li>K\u00f6peklerin k\u00fcrk yap\u0131s\u0131n\u0131 g\u00fc\u00e7lendirecek \u00e7inko ve biotin (B7 vitamini) eklenmi\u015ftir.<\/li>\n<li>\u00d6zel olarak tasarlanm\u0131\u015f tane \u015fekilleri ile sindirim sistemi, di\u015f ve di\u015fetleri korunmu\u015f olur.<\/li>\n<li>Sindirimi kolay i\u00e7erikler sayesinde mide dostudur.T\u00fcm \u0131rklardan yeti\u015fkin k\u00f6pekler i\u00e7in haz\u0131rlanm\u0131\u015ft\u0131r.<\/li>\n<\/ul>\n<p><strong>1 Yas \u00dcst\u00fc, t\u00fcm \u0131rklara uygun ekstr\u00fcde tam ve dengeli form\u00fcle edilmis, Tavuklu kuru\u00a0 k\u00f6pek mamas\u0131d\u0131r.<\/strong><\/p>\n<p><strong>\u0130\u00c7\u0130NDEK\u0130LER<\/strong><\/li>\n<li style=\"list-style-type: none;\">\u0130\u015flenmi\u015f Tavuk Proteini (%25), Bu\u011fday unu, Pirin\u00e7, M\u0131s\u0131r, Tavuk Ya\u011f\u0131, \u0130\u015flenmi\u015f bal\u0131k Proteini, Harnup, Hidrolize Tavuk Ci\u011feri, N\u00fckleotit Maya Proteini, Prebiyotik Mannan Oligo Sakkaritler, Tuz, Mineraller.<strong>Analitik Bile\u015fenler:<\/strong><\/li>\n<li style=\"list-style-type: none;\">Protein %20, Ya\u011f \u0130\u00e7eri\u011fi %10, Ham K\u00fcl %9, Ham Sel\u00fcloz (Lif) %4, Omega 6 %3,4, Omega 3 %0,7.<strong>BESLEY\u0130C\u0130 \u0130LAVELER<\/strong>Vitamin A (3a672a) 21500 IU\/kg, Vitamin D3 (3a671) 1300 IU\/kg, Vitamin E (3a700) 330 mg\/kg, Vitamin C (3a300) 120 mg\/kg, Glukozamin 600 mg\/kg, Kontroitin 400 mg\/kg, Vitamin B1 (3a821), Vitamin B2 (3a825i), Vitamin B3 (3a315 Niasin), Vitamin B6 (3a831), Vitamin B12 (3a835), Vitamin B7 (3a880 Biotin), Vitamin B9 (3a316 Folik asit), Vitamin K3 (3a710), Kalsiyum D-Pantotenat (3a841), Kalsiyum (11.1.1), fosfor (11.3.1), \u00e7inko (3b603), bak\u0131r (3b405), demir (3b103), sodyum (11.4.2), organik\u00a0selenyum (3b801), iyot (3b202)<\/li>\n<li style=\"list-style-type: none;\">\n<p class=\"v1MsoNormal\"><img decoding=\"async\" class=\"alignnone wp-image-3569\" src=\"https:\/\/yuvaloji.com.tr\/wp-content\/uploads\/2025\/03\/image007.png\" alt=\"\" width=\"244\" height=\"79\" srcset=\"https:\/\/yuvaloji.com.tr\/wp-content\/uploads\/2025\/03\/image007.png 297w, https:\/\/yuvaloji.com.tr\/wp-content\/uploads\/2025\/03\/image007-18x6.png 18w\" sizes=\"(max-width: 244px) 100vw, 244px\" \/> <img decoding=\"async\" class=\"alignnone wp-image-3570\" src=\"https:\/\/yuvaloji.com.tr\/wp-content\/uploads\/2025\/03\/image006.png\" alt=\"\" width=\"204\" height=\"126\" srcset=\"https:\/\/yuvaloji.com.tr\/wp-content\/uploads\/2025\/03\/image006.png 297w, https:\/\/yuvaloji.com.tr\/wp-content\/uploads\/2025\/03\/image006-18x12.png 18w\" sizes=\"(max-width: 204px) 100vw, 204px\" \/> <img decoding=\"async\" class=\"alignnone wp-image-3571\" src=\"https:\/\/yuvaloji.com.tr\/wp-content\/uploads\/2025\/03\/image005.png\" alt=\"\" width=\"234\" height=\"71\" srcset=\"https:\/\/yuvaloji.com.tr\/wp-content\/uploads\/2025\/03\/image005.png 297w, https:\/\/yuvaloji.com.tr\/wp-content\/uploads\/2025\/03\/image005-18x5.png 18w\" sizes=\"(max-width: 234px) 100vw, 234px\" \/> <img loading=\"lazy\" decoding=\"async\" class=\"alignnone wp-image-3572\" src=\"https:\/\/yuvaloji.com.tr\/wp-content\/uploads\/2025\/03\/image002-300x118.png\" alt=\"\" width=\"224\" height=\"88\" srcset=\"https:\/\/yuvaloji.com.tr\/wp-content\/uploads\/2025\/03\/image002-300x118.png 300w, https:\/\/yuvaloji.com.tr\/wp-content\/uploads\/2025\/03\/image002-18x7.png 18w, https:\/\/yuvaloji.com.tr\/wp-content\/uploads\/2025\/03\/image002.png 502w\" sizes=\"(max-width: 224px) 100vw, 224px\" \/><\/p>\n<\/li>\n<\/ul>","protected":false},"excerpt":{"rendered":"<p>K\u00f6pe\u011finizin kan olu\u015fumunda, t\u00fcy yap\u0131s\u0131nda, deri ve kas geli\u015fiminde \u00f6nemli bir rol oynayan proteinler ve aminoasitler i\u00e7erisinde dengeli bir \u015fekilde bulunmaktad\u0131r.<\/p>","protected":false},"featured_media":3489,"template":"","meta":[],"product_brand":[],"product_cat":[38,43,35],"product_tag":[],"class_list":{"0":"post-3139","1":"product","2":"type-product","3":"status-publish","4":"has-post-thumbnail","6":"product_cat-kopek-mamalari","7":"product_cat-kuru-mamalar-kopek-mamalari","8":"product_cat-urunlerimiz","10":"first","11":"instock","12":"taxable","13":"shipping-taxable","14":"purchasable","15":"product-type-simple"},"_links":{"self":[{"href":"https:\/\/yuvaloji.com.tr\/en\/wp-json\/wp\/v2\/product\/3139","targetHints":{"allow":["GET"]}}],"collection":[{"href":"https:\/\/yuvaloji.com.tr\/en\/wp-json\/wp\/v2\/product"}],"about":[{"href":"https:\/\/yuvaloji.com.tr\/en\/wp-json\/wp\/v2\/types\/product"}],"version-history":[{"count":9,"href":"https:\/\/yuvaloji.com.tr\/en\/wp-json\/wp\/v2\/product\/3139\/revisions"}],"predecessor-version":[{"id":3814,"href":"https:\/\/yuvaloji.com.tr\/en\/wp-json\/wp\/v2\/product\/3139\/revisions\/3814"}],"wp:featuredmedia":[{"embeddable":true,"href":"https:\/\/yuvaloji.com.tr\/en\/wp-json\/wp\/v2\/media\/3489"}],"wp:attachment":[{"href":"https:\/\/yuvaloji.com.tr\/en\/wp-json\/wp\/v2\/media?parent=3139"}],"wp:term":[{"taxonomy":"product_brand","embeddable":true,"href":"https:\/\/yuvaloji.com.tr\/en\/wp-json\/wp\/v2\/product_brand?post=3139"},{"taxonomy":"product_cat","embeddable":true,"href":"https:\/\/yuvaloji.com.tr\/en\/wp-json\/wp\/v2\/product_cat?post=3139"},{"taxonomy":"product_tag","embeddable":true,"href":"https:\/\/yuvaloji.com.tr\/en\/wp-json\/wp\/v2\/product_tag?post=3139"}],"curies":[{"name":"wp","href":"https:\/\/api.w.org\/{rel}","templated":true}]}}